{"id":32,"date":"2017-01-17T15:13:28","date_gmt":"2017-01-17T15:13:28","guid":{"rendered":"https:\/\/www.sksfrancepresernnis.org.rs\/?page_id=32"},"modified":"2021-11-09T15:17:57","modified_gmt":"2021-11-09T14:17:57","slug":"kontakt","status":"publish","type":"page","link":"https:\/\/www.sksfrancepresernnis.org.rs\/index.php\/kontakt\/","title":{"rendered":"Kontakt"},"content":{"rendered":"<h4><\/h4>\n<div style=\"float: right;\"><iframe loading=\"lazy\" src=\"https:\/\/www.google.com\/maps\/embed?pb=!1m18!1m12!1m3!1d2902.8456531800775!2d21.915955315689818!3d43.31749038209136!2m3!1f0!2f0!3f0!3m2!1i1024!2i768!4f13.1!3m3!1m2!1s0x4755b095acfb08e1%3A0xb15d89ae08a71c8c!2sSremska+13a%2C+Ni%C5%A1!5e0!3m2!1sen!2srs!4v1485022863961\" width=\"600\" height=\"300\" frameborder=\"0\" allowfullscreen=\"allowfullscreen\" data-mce-fragment=\"1\"><\/iframe><\/div>\n<h4><img decoding=\"async\" loading=\"lazy\" class=\"\" src=\"http:\/\/www.iconarchive.com\/download\/i85581\/graphicloads\/100-flat\/home.ico\" alt=\"Image result for home icon\" width=\"20\" height=\"20\" \/> <strong>Adresa:<\/strong> Sremska 13a lok.13, 18000 Ni\u0161, Srbija<\/h4>\n<h4><img decoding=\"async\" loading=\"lazy\" class=\"alignnone  wp-image-1665\" src=\"https:\/\/www.sksfrancepresernnis.org.rs\/wp-content\/uploads\/2021\/11\/Circle-icons-phone.svg_-300x300.png\" alt=\"\" width=\"20\" height=\"20\" srcset=\"https:\/\/www.sksfrancepresernnis.org.rs\/wp-content\/uploads\/2021\/11\/Circle-icons-phone.svg_-300x300.png 300w, https:\/\/www.sksfrancepresernnis.org.rs\/wp-content\/uploads\/2021\/11\/Circle-icons-phone.svg_-150x150.png 150w, https:\/\/www.sksfrancepresernnis.org.rs\/wp-content\/uploads\/2021\/11\/Circle-icons-phone.svg_-768x768.png 768w, https:\/\/www.sksfrancepresernnis.org.rs\/wp-content\/uploads\/2021\/11\/Circle-icons-phone.svg_-1024x1024.png 1024w, https:\/\/www.sksfrancepresernnis.org.rs\/wp-content\/uploads\/2021\/11\/Circle-icons-phone.svg_.png 2048w\" sizes=\"(max-width: 20px) 100vw, 20px\" \/> <strong>Tel:<\/strong> +381 60 45 20 476<\/h4>\n<h4><\/h4>\n<h4><img decoding=\"async\" loading=\"lazy\" class=\"\" src=\"https:\/\/cdn0.iconfinder.com\/data\/icons\/social-15\/200\/mail-icon-128.png\" width=\"20\" height=\"20\" \/>\u00a0<strong>e-mail<\/strong>: sksfrancepreseren@yahoo.com<\/h4>\n<h4><\/h4>\n<h4><img decoding=\"async\" loading=\"lazy\" class=\"\" src=\"https:\/\/cdn3.iconfinder.com\/data\/icons\/free-social-icons\/67\/facebook_circle_color-128.png\" width=\"20\" height=\"20\" \/>\u00a0 <a href=\"https:\/\/www.facebook.com\/\">SKS France France Pre\u0161eren<\/a><\/h4>\n<hr \/>\n<h4 style=\"text-align: center;\">Po\u0161lji sporo\u010dilo<\/h4>\n<h4>\u00a0\n<div class=\"wpcf7 no-js\" id=\"wpcf7-f289-o1\" lang=\"en-US\" dir=\"ltr\">\n<div class=\"screen-reader-response\"><p role=\"status\" aria-live=\"polite\" aria-atomic=\"true\"><\/p> <ul><\/ul><\/div>\n<form action=\"\/index.php\/wp-json\/wp\/v2\/pages\/32#wpcf7-f289-o1\" method=\"post\" class=\"wpcf7-form init\" aria-label=\"Contact form\" novalidate=\"novalidate\" data-status=\"init\">\n<div style=\"display: none;\">\n<input type=\"hidden\" name=\"_wpcf7\" value=\"289\" \/>\n<input type=\"hidden\" name=\"_wpcf7_version\" value=\"5.7.5.1\" \/>\n<input type=\"hidden\" name=\"_wpcf7_locale\" value=\"en_US\" \/>\n<input type=\"hidden\" name=\"_wpcf7_unit_tag\" value=\"wpcf7-f289-o1\" \/>\n<input type=\"hidden\" name=\"_wpcf7_container_post\" value=\"0\" \/>\n<input type=\"hidden\" name=\"_wpcf7_posted_data_hash\" value=\"\" \/>\n<\/div>\n<p><label> Ime<br \/>\n<span class=\"wpcf7-form-control-wrap\" data-name=\"your-name\"><input size=\"40\" class=\"wpcf7-form-control wpcf7-text wpcf7-validates-as-required\" aria-required=\"true\" aria-invalid=\"false\" value=\"\" type=\"text\" name=\"your-name\" \/><\/span> <\/label>\n<\/p>\n<p><label> E-po\u0161ta<br \/>\n<span class=\"wpcf7-form-control-wrap\" data-name=\"your-email\"><input size=\"40\" class=\"wpcf7-form-control wpcf7-text wpcf7-email wpcf7-validates-as-required wpcf7-validates-as-email\" aria-required=\"true\" aria-invalid=\"false\" value=\"\" type=\"email\" name=\"your-email\" \/><\/span> <\/label>\n<\/p>\n<p><label> Vsebina<br \/>\n<span class=\"wpcf7-form-control-wrap\" data-name=\"your-subject\"><input size=\"40\" class=\"wpcf7-form-control wpcf7-text\" aria-invalid=\"false\" value=\"\" type=\"text\" name=\"your-subject\" \/><\/span> <\/label>\n<\/p>\n<p><label> Sporo\u010dilo<br \/>\n<span class=\"wpcf7-form-control-wrap\" data-name=\"your-message\"><textarea cols=\"40\" rows=\"10\" class=\"wpcf7-form-control wpcf7-textarea\" aria-invalid=\"false\" name=\"your-message\"><\/textarea><\/span> <\/label>\n<\/p>\n<p><input class=\"wpcf7-form-control has-spinner wpcf7-submit\" type=\"submit\" value=\"Po\u0161lji\" \/>\n<\/p><div class=\"wpcf7-response-output\" aria-hidden=\"true\"><\/div>\n<\/form>\n<\/div>\n<\/h4>\n<div class=\"box_us\"><\/div>\n","protected":false},"excerpt":{"rendered":"<p>Adresa: Sremska 13a lok.13, 18000 Ni\u0161, Srbija Tel: +381 60 45 20 476 \u00a0e-mail: sksfrancepreseren@yahoo.com \u00a0 SKS France France Pre\u0161eren Po\u0161lji sporo\u010dilo \u00a0<\/p>\n","protected":false},"author":10,"featured_media":0,"parent":0,"menu_order":0,"comment_status":"closed","ping_status":"closed","template":"page-fullwidth.php","meta":[],"_links":{"self":[{"href":"https:\/\/www.sksfrancepresernnis.org.rs\/index.php\/wp-json\/wp\/v2\/pages\/32"}],"collection":[{"href":"https:\/\/www.sksfrancepresernnis.org.rs\/index.php\/wp-json\/wp\/v2\/pages"}],"about":[{"href":"https:\/\/www.sksfrancepresernnis.org.rs\/index.php\/wp-json\/wp\/v2\/types\/page"}],"author":[{"embeddable":true,"href":"https:\/\/www.sksfrancepresernnis.org.rs\/index.php\/wp-json\/wp\/v2\/users\/10"}],"replies":[{"embeddable":true,"href":"https:\/\/www.sksfrancepresernnis.org.rs\/index.php\/wp-json\/wp\/v2\/comments?post=32"}],"version-history":[{"count":69,"href":"https:\/\/www.sksfrancepresernnis.org.rs\/index.php\/wp-json\/wp\/v2\/pages\/32\/revisions"}],"predecessor-version":[{"id":1667,"href":"https:\/\/www.sksfrancepresernnis.org.rs\/index.php\/wp-json\/wp\/v2\/pages\/32\/revisions\/1667"}],"wp:attachment":[{"href":"https:\/\/www.sksfrancepresernnis.org.rs\/index.php\/wp-json\/wp\/v2\/media?parent=32"}],"curies":[{"name":"wp","href":"https:\/\/api.w.org\/{rel}","templated":true}]}}